{"id":1297,"date":"2025-09-09T20:53:38","date_gmt":"2025-09-10T00:53:38","guid":{"rendered":"https:\/\/vipexpress.gestionlabgl.com\/long-distance-moving\/"},"modified":"2025-09-19T14:23:07","modified_gmt":"2025-09-19T18:23:07","slug":"long-distance-moving","status":"publish","type":"page","link":"https:\/\/demenagementvipexpress.com\/en\/long-distance-moving\/","title":{"rendered":"Long-Distance Moving"},"content":{"rendered":"\n\n\t<h1>\n\t\t\t\tD\u00e9m\u00e9nagement longue-distance depuis &#8211; ou vers &#8211; Montr\u00e9al\n\t\t\t<\/h1>\n\t<h2>\n\t\t\t\tD\u00e9m\u00e9nagement longue-distance avec D\u00e9m\u00e9nagement  V.I.P Express dans le Grand Montr\u00e9al\n\t\t\t<\/h2>\n\t\n\t\t\t<p><strong data-start=\"356\" data-end=\"386\">D\u00e9m\u00e9nagement V.I.P Express<\/strong>, bas\u00e9 \u00e0 Montr\u00e9al, offre un service sur mesure de d\u00e9m\u00e9nagement <strong data-start=\"449\" data-end=\"468\">longue distance<\/strong>, couvrant aussi bien les d\u00e9parts que les arriv\u00e9es dans le <strong data-start=\"527\" data-end=\"545\">Grand-Montr\u00e9al<\/strong>. Nos camions bien entretenus et notre \u00e9quipe exp\u00e9riment\u00e9e vous assurent une logistique fluide, quel que soit le lieu de destination.<\/p>\t\n\t<iframe loading=\"lazy\" width=\"560\" height=\"315\" src=\"https:\/\/www.youtube.com\/embed\/4k6hh0eu9TE?si=NGEdReA6QwMQTfeO\" title=\"YouTube video player\" frameborder=\"0\" allow=\"accelerometer; autoplay; clipboard-write; encrypted-media; gyroscope; picture-in-picture; web-share\" referrerpolicy=\"strict-origin-when-cross-origin\" allowfullscreen><\/iframe>\n\t<h3>\n\t\t\t\tNos destinations les plus fr\u00e9quentes\n\t\t\t<\/h3>\n\t<p>Nous desservons plusieurs r\u00e9gions au d\u00e9part ou vers Montr\u00e9al, notamment :<\/p>\n\t<ul>\n\t\t<li>\t\t\t\t\n\t\t<h6>Qu\u00e9bec (Montr\u00e9al \u2194 Qu\u00e9bec)<\/h6><\/li><li>\t\t\t\t\n\t\t<h6>R\u00e9gion d&#8217;Ottawa-Gatineau<\/h6><\/li><li>\t\t\t\t\n\t\t<h6>Trois-Rivi\u00e8res<\/h6><\/li><li>\t\t\t\t\n\t\t<h6>Cantons-de-l&#8217;Est<\/h6><\/li><li>\t\t\t\t\n\t\t<h6>St-Hyacinthe et Drummondville<\/h6><\/li>\t<\/ul>\n\t\t\t<a href=\"https:\/\/demenagementvipexpress.com\/contact\/\" title=\"Cliquez ici\" target=\"_self\"   role=\"button\" aria-label=\"Obtenez une soumission gratuite\">\n\t\t\t\t\t\t\tObtenez une soumission gratuite\n\t\t<\/a>\n\t<h3>\n\t\t\t\tPourquoi choisir D\u00e9m\u00e9nagement V.I.P Express pour vos d\u00e9m\u00e9nagements longue distance ?\n\t\t\t<\/h3>\n\t<ul>\n\t\t<li>\t\t\t\t\n\t\t<h6>Camions fiables pour longues distances<\/h6><p>Nos v\u00e9hicules sont maintenus en parfait \u00e9tat afin de garantir un transport sans bris, m\u00eame sur de longues distances.<\/p><\/li><li>\t\t\t\t\n\t\t<h6>Expertise locale pour un service national<\/h6><p>En tant que sp\u00e9cialiste du d\u00e9m\u00e9nagement dans le <strong data-start=\"1413\" data-end=\"1431\">Grand-Montr\u00e9al<\/strong>, nous combinons notre connaissance du terrain avec une comp\u00e9tence \u00e9prouv\u00e9e pour les longues distances.<\/p><\/li><li>\t\t\t\t\n\t\t<h6>Facilit\u00e9 de planification<\/h6>Contactez-nous par t\u00e9l\u00e9phone au <a href=\"tel:(514) 788-2013\"><strong data-start=\"1606\" data-end=\"1624\">(514) 788-2013<\/strong><\/a> ou demandez une <a href=\"https:\/\/demenagementvipexpress.com\/contact\/\">soumission en ligne<\/a> &#8211; nous sommes disponibles <strong data-start=\"1687\" data-end=\"1704\">7 jours sur 7<\/strong> avec des horaires prolong\u00e9s les jeudis et vendredis.<\/li>\t<\/ul>\n\t\t\t<a href=\"https:\/\/demenagementvipexpress.com\/contact\/\" title=\"Cliquez ici\" target=\"_self\"   role=\"button\" aria-label=\"Obtenez une soumission gratuite\">\n\t\t\t\t\t\t\tObtenez une soumission gratuite\n\t\t<\/a>\n\t\t\t\t<img decoding=\"async\" src=\"https:\/\/vipexpress.gestionlabgl.com\/wp-content\/uploads\/2025\/09\/demenagement-vip-express.webp\" alt=\"demenagement vip express\" title=\"demenagement vip express\" itemprop=\"image\"\/>\n\t<h3>\n\t\t\t\tNos services de d\u00e9m\u00e9nagement dans le Grand-Montr\u00e9al\n\t\t\t<\/h3>\n\t\t\tChez <strong data-start=\"282\" data-end=\"312\">D\u00e9m\u00e9nagement V.I.P Express<\/strong>, nous savons que chaque projet de d\u00e9m\u00e9nagement commercial est unique. C&#8217;est pourquoi nous proposons une gamme compl\u00e8te de services sp\u00e9cialis\u00e9s pour r\u00e9pondre \u00e0 tous vos besoins dans le <strong data-start=\"486\" data-end=\"504\">Grand-Montr\u00e9al<\/strong> et au-del\u00e0. Que vous d\u00e9m\u00e9nagiez un appartement, une maison, des bureaux ou encore des biens hors-dimension, notre \u00e9quipe est pr\u00eate \u00e0 vous accompagner avec professionnalisme et efficacit\u00e9.D\u00e9couvrez ci-dessous l&#8217;ensemble de nos services :\t\n\t<ul>\n\t\t<li><a href=\"https:\/\/demenagementvipexpress.com\/boites\/\" target=\"_self\"  aria-label=\"Aller \u00e0 \/demenagement\/boites\/\">\t\t\t\t\n\t\t<h6>Bo\u00eetes de d\u00e9m\u00e9nagement \u00e0 vendre \u00e0 Montr\u00e9al<\/h6><\/a><\/li><li><a href=\"https:\/\/demenagementvipexpress.com\/bureaux-entreprises\/\" target=\"_self\"  aria-label=\"Aller \u00e0 \/demenagement\/bureaux-entreprises\/\">\t\t\t\t\n\t\t<h6>D\u00e9m\u00e9nagement commercial (et de bureaux d&#8217;entreprises)<\/h6><\/a><\/li><li><a href=\"https:\/\/demenagementvipexpress.com\/pieces-hors-dimension\/\" target=\"_self\"  aria-label=\"Aller \u00e0 \/demenagement\/pieces-hors-dimension\/\">\t\t\t\t\n\t\t<h6>D\u00e9m\u00e9nagement de pi\u00e8ces \u00ab hors-dimension \u00bb<\/h6><\/a><\/li><li><a href=\"https:\/\/demenagementvipexpress.com\/longue-distance\/\" target=\"_self\"  aria-label=\"Aller \u00e0 \/demenagement\/longue-distance\/\">\t\t\t\t\n\t\t<h6>D\u00e9m\u00e9nagement Longue Distance depuis &#8211; ou vers &#8211; Montr\u00e9al<\/h6><\/a><\/li><li><a href=\"https:\/\/demenagementvipexpress.com\/rive-nord\/\" target=\"_self\"  aria-label=\"Aller \u00e0 \/demenagement\/rive-nord\/\">\t\t\t\t\n\t\t<h6>D\u00e9m\u00e9nagement sur la Rive-Nord de Montr\u00e9al<\/h6><\/a><\/li><li><a href=\"https:\/\/demenagementvipexpress.com\/rive-sud\/\" target=\"_self\"  aria-label=\"Aller \u00e0 \/demenagement\/rive-sud\/\">\t\t\t\t\n\t\t<h6>D\u00e9m\u00e9nagement sur la Rive-Sud de Montr\u00e9al<\/h6><\/a><\/li><li><a href=\"https:\/\/demenagementvipexpress.com\/emballage\/\" target=\"_self\"  aria-label=\"Aller \u00e0 \/demenagement\/emballage\/\">\t\t\t\t\n\t\t<h6>Emballage et d\u00e9ballage par nos d\u00e9m\u00e9nageurs sp\u00e9cialis\u00e9s<\/h6><\/a><\/li><li><a href=\"https:\/\/demenagementvipexpress.com\/entreposage\/\" target=\"_self\"  aria-label=\"Aller \u00e0 \/demenagement\/entreposage\/\">\t\t\t\t\n\t\t<h6>Nouveau : Entreposage, propre et s\u00e9curitaire, \u00e0 Montr\u00e9al.<\/h6><\/a><\/li><li><a href=\"\/livraison-transport\/\" target=\"_self\"  aria-label=\"Aller \u00e0 \/livraison-transport\/\">\t\t\t\t\n\t\t<h6>Service de Livraison et Transport Commercial \u00e0 Montr\u00e9al<\/h6><\/a><\/li><li><a href=\"\/?page_id=1139\" target=\"_self\"  aria-label=\"Aller \u00e0 \/piano\/\">\t\t\t\t\n\t\t<h6>Sp\u00e9cialistes du d\u00e9m\u00e9nagement de piano dans le Grand-Montr\u00e9al<\/h6><\/a><\/li><li><a href=\"https:\/\/demenagementvipexpress.com\/laval\/\" target=\"_self\"  aria-label=\"Aller \u00e0 \/laval\/\">\t\t\t\t\n\t\t<h6>Votre d\u00e9m\u00e9nagement \u00e0 Laval par un d\u00e9m\u00e9nageur bas\u00e9 \u00e0 Montr\u00e9al<\/h6><\/a><\/li><li><a href=\"https:\/\/demenagementvipexpress.com\/montreal\/\" target=\"_self\"  aria-label=\"Aller \u00e0 \/montreal\/\">\t\t\t\t\n\t\t<h6>Votre d\u00e9m\u00e9nagement par un d\u00e9m\u00e9nageur bas\u00e9 \u00e0 Montr\u00e9al<\/h6><\/a><\/li>\t<\/ul>\n\t<h2>\n\t\t\t\tObtenez une soumission d\u00e8s maintenant!\n\t\t\t<\/h2>\n\t<h4>\n\t\t\t\tNous joindre\n\t\t\t<\/h4>\n\t<ul>\n\t\t<li><h5>Location :<\/h5><p><a href=\"https:\/\/www.google.com\/maps\/dir\/\/11885+57e+Avenue,+Montr%C3%A9al,+QC+H1E+2M8\/@45.6492942,-73.644804,12z\/data=!4m8!4m7!1m0!1m5!1m1!1s0x4cc8e1c867cef9dd:0x757a8b44e9f914ac!2m2!1d-73.5624034!2d45.6493238?entry=ttu&amp;g_ep=EgoyMDI1MDkwMy4wIKXMDSoASAFQAw%3D%3D\" target=\"_blank\" rel=\"noopener\">11 885 sur la 57e Avenue\u00a0\u00e0 Montr\u00e9al<\/a><\/p><\/li><li><h5>T\u00e9l\u00e9phone<\/h5><a href=\"tel:(514) 788-2013\">(514) 788-2013<\/a><\/li><li><h5>Heure d&#8217;ouverture<\/h5>Nous sommes l\u00e0 7 jours sur 7, pour r\u00e9pondre \u00e0 vos demandes :De\u00a0<strong>8<\/strong>:<strong>00<\/strong>\u00a0\u00e0\u00a0<strong>18<\/strong>:<strong>00<\/strong>\u00a0du lundi au mercredi ainsi que la fin de semaine,De\u00a0<strong>8<\/strong>:<strong>00<\/strong>\u00a0\u00e0\u00a0<strong>20<\/strong>:<strong>00<\/strong>\u00a0le jeudi et le vendredi.<\/li><li><h5>Num\u00e9ro de CTQ<\/h5>R-105837-0<\/li>\t<\/ul>\n\n","protected":false},"excerpt":{"rendered":"<p>D\u00e9m\u00e9nagement longue-distance depuis &#8211; ou vers &#8211; Montr\u00e9al D\u00e9m\u00e9nagement longue-distance avec D\u00e9m\u00e9nagement V.I.P Express dans le Grand Montr\u00e9al D\u00e9m\u00e9nagement V.I.P Express, bas\u00e9 \u00e0 Montr\u00e9al, offre un service sur mesure de d\u00e9m\u00e9nagement longue distance, couvrant aussi bien les d\u00e9parts que les arriv\u00e9es dans le Grand-Montr\u00e9al. Nos camions bien entretenus et notre \u00e9quipe exp\u00e9riment\u00e9e vous assurent une [&hellip;]<\/p>\n","protected":false},"author":1,"featured_media":0,"parent":0,"menu_order":0,"comment_status":"closed","ping_status":"closed","template":"","meta":{"_acf_changed":false,"site-sidebar-layout":"no-sidebar","site-content-layout":"page-builder","ast-site-content-layout":"full-width-container","site-content-style":"unboxed","site-sidebar-style":"unboxed","ast-global-header-display":"","ast-banner-title-visibility":"","ast-main-header-display":"","ast-hfb-above-header-display":"","ast-hfb-below-header-display":"","ast-hfb-mobile-header-display":"","site-post-title":"disabled","ast-breadcrumbs-content":"","ast-featured-img":"disabled","footer-sml-layout":"","ast-disable-related-posts":"","theme-transparent-header-meta":"","adv-header-id-meta":"","stick-header-meta":"","header-above-stick-meta":"","header-main-stick-meta":"","header-below-stick-meta":"","astra-migrate-meta-layouts":"default","ast-page-background-enabled":"default","ast-page-background-meta":{"desktop":{"background-color":"","background-image":"","background-repeat":"repeat","background-position":"center center","background-size":"auto","background-attachment":"scroll","background-type":"","background-media":"","overlay-type":"","overlay-color":"","overlay-opacity":"","overlay-gradient":""},"tablet":{"background-color":"","background-image":"","background-repeat":"repeat","background-position":"center center","background-size":"auto","background-attachment":"scroll","background-type":"","background-media":"","overlay-type":"","overlay-color":"","overlay-opacity":"","overlay-gradient":""},"mobile":{"background-color":"","background-image":"","background-repeat":"repeat","background-position":"center center","background-size":"auto","background-attachment":"scroll","background-type":"","background-media":"","overlay-type":"","overlay-color":"","overlay-opacity":"","overlay-gradient":""}},"ast-content-background-meta":{"desktop":{"background-color":"var(--ast-global-color-5)","background-image":"","background-repeat":"repeat","background-position":"center center","background-size":"auto","background-attachment":"scroll","background-type":"","background-media":"","overlay-type":"","overlay-color":"","overlay-opacity":"","overlay-gradient":""},"tablet":{"background-color":"var(--ast-global-color-5)","background-image":"","background-repeat":"repeat","background-position":"center center","background-size":"auto","background-attachment":"scroll","background-type":"","background-media":"","overlay-type":"","overlay-color":"","overlay-opacity":"","overlay-gradient":""},"mobile":{"background-color":"var(--ast-global-color-5)","background-image":"","background-repeat":"repeat","background-position":"center center","background-size":"auto","background-attachment":"scroll","background-type":"","background-media":"","overlay-type":"","overlay-color":"","overlay-opacity":"","overlay-gradient":""}},"footnotes":""},"class_list":["post-1297","page","type-page","status-publish","hentry"],"acf":[],"_links":{"self":[{"href":"https:\/\/demenagementvipexpress.com\/en\/wp-json\/wp\/v2\/pages\/1297","targetHints":{"allow":["GET"]}}],"collection":[{"href":"https:\/\/demenagementvipexpress.com\/en\/wp-json\/wp\/v2\/pages"}],"about":[{"href":"https:\/\/demenagementvipexpress.com\/en\/wp-json\/wp\/v2\/types\/page"}],"author":[{"embeddable":true,"href":"https:\/\/demenagementvipexpress.com\/en\/wp-json\/wp\/v2\/users\/1"}],"replies":[{"embeddable":true,"href":"https:\/\/demenagementvipexpress.com\/en\/wp-json\/wp\/v2\/comments?post=1297"}],"version-history":[{"count":2,"href":"https:\/\/demenagementvipexpress.com\/en\/wp-json\/wp\/v2\/pages\/1297\/revisions"}],"predecessor-version":[{"id":1596,"href":"https:\/\/demenagementvipexpress.com\/en\/wp-json\/wp\/v2\/pages\/1297\/revisions\/1596"}],"wp:attachment":[{"href":"https:\/\/demenagementvipexpress.com\/en\/wp-json\/wp\/v2\/media?parent=1297"}],"curies":[{"name":"wp","href":"https:\/\/api.w.org\/{rel}","templated":true}]}}